{"id":8,"date":"2025-04-21T08:55:10","date_gmt":"2025-04-21T08:55:10","guid":{"rendered":"https:\/\/girnetasdikmemuru.com\/index.php\/pages\/"},"modified":"2025-04-25T10:36:11","modified_gmt":"2025-04-25T10:36:11","slug":"pages","status":"publish","type":"page","link":"https:\/\/girnetasdikmemuru.com\/index.php\/pages\/","title":{"rendered":"\u0130leti\u015fim"},"content":{"rendered":"\n<p>                                                                  EM\u0130R \u00d6ZT\u00dcREN <\/p>\n\n\n\n<p>                                                                   Girne 43.TASD\u0130K MEMURU <\/p>\n\n\n\n<p>                                                                    Girne 43.Certifying Officer<\/p>\n\n\n\n<p>\u00d6ZT\u00dcREN TASD\u0130K MEMURLU\u011eU <\/p>\n\n\n\n<p>19 May\u0131s Caddesi G\u00f6vsa Apt No:2 &#8211; Girne\/KKTC <\/p>\n\n\n\n<p>GSM :  0533 8681585<\/p>\n\n\n\n<p>E-MA\u0130L : emir_ozturen@hotmail.com<\/p>\n\n\n\n<p><a rel=\"noreferrer noopener\" href=\"https:\/\/wa.me\/905338374340\" target=\"_blank\"><strong><\/strong><\/a><\/p>\n\n\n\n<h4 class=\"wp-block-heading\">\u00c7al\u0131\u015fma Saatleri<\/h4>\n\n\n\n<figure class=\"wp-block-table\"><table class=\"has-fixed-layout\"><tbody><tr><td>Pzt<\/td><td>07:30 \u2013 16:30<\/td><td><\/td><\/tr><tr><td>Sal<\/td><td>07:30 \u2013 16:30<\/td><td><\/td><\/tr><tr><td>\u00c7ar<\/td><td>07:30 \u2013 16:30<\/td><td><\/td><\/tr><tr><td>Per<\/td><td>07:30 \u2013 16:30<\/td><td><\/td><\/tr><tr><td>Cum<\/td><td>07:30 \u2013 16:30<\/td><td><\/td><\/tr><tr><td>Cmt<\/td><td>Kapal\u0131<\/td><td><\/td><\/tr><tr><td>Paz<\/td><td>Kapal\u0131<\/td><td><\/td><\/tr><\/tbody><\/table><\/figure>\n\n\n\n<p><\/p>\n","protected":false},"excerpt":{"rendered":"<p>EM\u0130R \u00d6ZT\u00dcREN Girne 43.TASD\u0130K MEMURU Girne 43.Certifying Officer \u00d6ZT\u00dcREN TASD\u0130K MEMURLU\u011eU 19 May\u0131s Caddesi G\u00f6vsa Apt No:2 &#8211; Girne\/KKTC GSM : 0533 8681585 E-MA\u0130L : emir_ozturen@hotmail.com \u00c7al\u0131\u015fma Saatleri Pzt 07:30 \u2013 16:30 Sal 07:30 \u2013 16:30 \u00c7ar 07:30 \u2013 16:30 Per 07:30 \u2013 16:30 Cum 07:30 \u2013 16:30 Cmt Kapal\u0131 Paz Kapal\u0131<\/p>\n","protected":false},"author":1,"featured_media":0,"parent":0,"menu_order":0,"comment_status":"closed","ping_status":"closed","template":"","meta":{"footnotes":""},"class_list":["post-8","page","type-page","status-publish","hentry"],"_links":{"self":[{"href":"https:\/\/girnetasdikmemuru.com\/index.php\/wp-json\/wp\/v2\/pages\/8","targetHints":{"allow":["GET"]}}],"collection":[{"href":"https:\/\/girnetasdikmemuru.com\/index.php\/wp-json\/wp\/v2\/pages"}],"about":[{"href":"https:\/\/girnetasdikmemuru.com\/index.php\/wp-json\/wp\/v2\/types\/page"}],"author":[{"embeddable":true,"href":"https:\/\/girnetasdikmemuru.com\/index.php\/wp-json\/wp\/v2\/users\/1"}],"replies":[{"embeddable":true,"href":"https:\/\/girnetasdikmemuru.com\/index.php\/wp-json\/wp\/v2\/comments?post=8"}],"version-history":[{"count":2,"href":"https:\/\/girnetasdikmemuru.com\/index.php\/wp-json\/wp\/v2\/pages\/8\/revisions"}],"predecessor-version":[{"id":69,"href":"https:\/\/girnetasdikmemuru.com\/index.php\/wp-json\/wp\/v2\/pages\/8\/revisions\/69"}],"wp:attachment":[{"href":"https:\/\/girnetasdikmemuru.com\/index.php\/wp-json\/wp\/v2\/media?parent=8"}],"curies":[{"name":"wp","href":"https:\/\/api.w.org\/{rel}","templated":true}]}}