{"id":51,"date":"2025-04-25T10:11:34","date_gmt":"2025-04-25T10:11:34","guid":{"rendered":"https:\/\/girnetasdikmemuru.com\/?page_id=51"},"modified":"2025-04-25T10:11:34","modified_gmt":"2025-04-25T10:11:34","slug":"tasdik-hizmetleri","status":"publish","type":"page","link":"https:\/\/girnetasdikmemuru.com\/index.php\/tasdik-hizmetleri\/","title":{"rendered":"Tasdik Hizmetleri"},"content":{"rendered":"\n<figure class=\"wp-block-image size-large\"><img loading=\"lazy\" decoding=\"async\" width=\"1024\" height=\"422\" src=\"https:\/\/girnetasdikmemuru.com\/wp-content\/uploads\/2025\/04\/tasdik-2-1024x422.jpeg\" alt=\"\" class=\"wp-image-52\" srcset=\"https:\/\/girnetasdikmemuru.com\/wp-content\/uploads\/2025\/04\/tasdik-2-1024x422.jpeg 1024w, https:\/\/girnetasdikmemuru.com\/wp-content\/uploads\/2025\/04\/tasdik-2-300x124.jpeg 300w, https:\/\/girnetasdikmemuru.com\/wp-content\/uploads\/2025\/04\/tasdik-2-768x317.jpeg 768w, https:\/\/girnetasdikmemuru.com\/wp-content\/uploads\/2025\/04\/tasdik-2-1536x634.jpeg 1536w, https:\/\/girnetasdikmemuru.com\/wp-content\/uploads\/2025\/04\/tasdik-2.jpeg 1600w\" sizes=\"auto, (max-width: 1024px) 100vw, 1024px\" \/><\/figure>\n\n\n\n<p><br><\/p>\n\n\n\n<ul class=\"wp-block-list\">\n<li><strong>Sat\u0131\u015f S\u00f6zle\u015fmeleri\u00a0<\/strong>\u2013\u00a0<em>Sales Agreements \u2013 \u0414\u043e\u0433\u043e\u0432\u043e\u0440\u044b \u043a\u0443\u043f\u043b\u0438-\u043f\u0440\u043e\u0434\u0430\u0436\u0438<\/em>\u00a0<\/li>\n\n\n\n<li><strong>Kaparo S\u00f6zle\u015fmesi\u00a0<\/strong>\u2013\u00a0<em>Deposit Agreement \u2013 \u0414\u043e\u0433\u043e\u0432\u043e\u0440 \u0437\u0430\u043b\u043e\u0433\u0430<\/em><\/li>\n\n\n\n<li><strong>Kira S\u00f6zle\u015fmesi\u00a0<\/strong>\u2013\u00a0<em>Rental Contract \u2013 \u0414\u043e\u0433\u043e\u0432\u043e\u0440 \u0430\u0440\u0435\u043d\u0434\u044b<\/em><\/li>\n\n\n\n<li><strong>Vek\u00e2letname<\/strong>\u00a0\u2013\u00a0<em>Power of Attorney \u2013 \u0414\u043e\u0432\u0435\u0440\u0435\u043d\u043d\u043e\u0441\u0442\u044c<\/em>\u00a0<\/li>\n\n\n\n<li><strong>Muvafakatname<\/strong>\u00a0\u2013\u00a0<em>Letter of Consent \u2013 \u041f\u0438\u0441\u044c\u043c\u043e \u0441\u043e\u0433\u043b\u0430\u0441\u0438\u044f<\/em><\/li>\n\n\n\n<li><strong>Taahh\u00fctname\u00a0<\/strong>&#8211;\u00a0<em>Covenant \u2013 \u0421\u043e\u0433\u043b\u0430\u0448\u0435\u043d\u0438\u0435<\/em>\u00a0<\/li>\n\n\n\n<li><strong>Beyanname\u00a0<\/strong>\u2013\u00a0<em>Declaration \u2013 \u0414\u0435\u043a\u043b\u0430\u0440\u0430\u0446\u0438\u044f<\/em>\u00a0<\/li>\n\n\n\n<li><strong>Vasiyetname<\/strong>\u00a0\u2013\u00a0<em>Last Will and Testament &#8211; \u0417\u0430\u0432\u0435\u0449\u0430\u043d\u0438\u0435<\/em><\/li>\n\n\n\n<li><strong>Feragatname\u00a0<\/strong>\u2013<em>\u00a0Disclaimer \u2013 \u041e\u0442\u043a\u0430\u0437<\/em>\u00a0<\/li>\n\n\n\n<li><strong>Bor\u00e7 Senedi\u00a0<\/strong>\u2013\u00a0<em>Bill of Debt \u2013 \u0412\u0435\u043a\u0441\u0435\u043b\u044c<\/em>\u00a0<\/li>\n\n\n\n<li><strong>Tutanak\u00a0<\/strong>\u2013\u00a0<em>Protocol \u2013 \u041f\u0440\u043e\u0442\u043e\u043a\u043e\u043b<\/em>\u00a0<\/li>\n\n\n\n<li><strong>\u0130mza Sirk\u00fcleri\u00a0<\/strong>\u2013\u00a0<em>Specimen of Signature \u2013 \u0426\u0438\u0440\u043a\u0443\u043b\u044f\u0440 \u043f\u043e\u0434\u043f\u0438\u0441\u0438<\/em><\/li>\n\n\n\n<li><strong>Evlilik D\u0131\u015f\u0131 Birliktelik Beyannames<\/strong>i \u2013\u00a0<em>Extramarital Affair Declaration \u2013 \u0417\u0430\u044f\u0432\u043b\u0435\u043d\u0438\u0435 \u043e \u0432\u043d\u0435\u0431\u0440\u0430\u0447\u043d\u043e\u0439 \u0441\u0432\u044f\u0437\u0438<\/em>\u00a0<\/li>\n\n\n\n<li><strong>Davetiye<\/strong>\u00a0\u2013\u00a0<em>Invitation \u2013 \u041f\u0440\u0438\u0433\u043b\u0430\u0448\u0435\u043d\u0438\u0435<\/em>\u00a0<\/li>\n<\/ul>\n","protected":false},"excerpt":{"rendered":"","protected":false},"author":2,"featured_media":0,"parent":0,"menu_order":0,"comment_status":"closed","ping_status":"closed","template":"","meta":{"footnotes":""},"class_list":["post-51","page","type-page","status-publish","hentry"],"_links":{"self":[{"href":"https:\/\/girnetasdikmemuru.com\/index.php\/wp-json\/wp\/v2\/pages\/51","targetHints":{"allow":["GET"]}}],"collection":[{"href":"https:\/\/girnetasdikmemuru.com\/index.php\/wp-json\/wp\/v2\/pages"}],"about":[{"href":"https:\/\/girnetasdikmemuru.com\/index.php\/wp-json\/wp\/v2\/types\/page"}],"author":[{"embeddable":true,"href":"https:\/\/girnetasdikmemuru.com\/index.php\/wp-json\/wp\/v2\/users\/2"}],"replies":[{"embeddable":true,"href":"https:\/\/girnetasdikmemuru.com\/index.php\/wp-json\/wp\/v2\/comments?post=51"}],"version-history":[{"count":1,"href":"https:\/\/girnetasdikmemuru.com\/index.php\/wp-json\/wp\/v2\/pages\/51\/revisions"}],"predecessor-version":[{"id":53,"href":"https:\/\/girnetasdikmemuru.com\/index.php\/wp-json\/wp\/v2\/pages\/51\/revisions\/53"}],"wp:attachment":[{"href":"https:\/\/girnetasdikmemuru.com\/index.php\/wp-json\/wp\/v2\/media?parent=51"}],"curies":[{"name":"wp","href":"https:\/\/api.w.org\/{rel}","templated":true}]}}